{"id":4602,"date":"2022-05-28T14:45:14","date_gmt":"2022-05-28T14:45:14","guid":{"rendered":"https:\/\/nordvacc.se\/?page_id=4602"},"modified":"2022-05-30T16:22:12","modified_gmt":"2022-05-30T16:22:12","slug":"produktvejledning","status":"publish","type":"page","link":"https:\/\/nordvacc.se\/da\/produktvejledning\/","title":{"rendered":"Produktvejledning"},"content":{"rendered":"<div class=\"fusion-fullwidth fullwidth-box fusion-builder-row-1 fusion-flex-container nonhundred-percent-fullwidth non-hundred-percent-height-scrolling\" style=\"background-color: #ffffff;background-position: center center;background-repeat: no-repeat;box-shadow:5px 5px 30px 0px rgba(0,0,0,0.15);border-width: 0px 0px 0px 0px;border-color:#e2e2e2;border-style:solid;\" ><div class=\"fusion-builder-row fusion-row fusion-flex-align-items-center fusion-flex-justify-content-center\" style=\"max-width:1248px;margin-left: calc(-4% \/ 2 );margin-right: calc(-4% \/ 2 );\"><div class=\"fusion-layout-column fusion_builder_column fusion-builder-column-0 fusion_builder_column_3_5 3_5 fusion-flex-column\"><div class=\"fusion-column-wrapper fusion-flex-justify-content-flex-start fusion-content-layout-column\" style=\"background-position:left top;background-repeat:no-repeat;-webkit-background-size:cover;-moz-background-size:cover;-o-background-size:cover;background-size:cover;padding: 0px 0px 0px 0px;\"><style type=\"text\/css\">@media only screen and (max-width:1024px) {.fusion-title.fusion-title-1{margin-top:10px!important; margin-right:0px!important;margin-bottom:40px!important;margin-left:0px!important;}}@media only screen and (max-width:640px) {.fusion-title.fusion-title-1{margin-top:10px!important; margin-right:0px!important;margin-bottom:10px!important; margin-left:0px!important;}}<\/style><div class=\"fusion-title title fusion-title-1 fusion-title-center fusion-title-text fusion-title-size-four\" style=\"margin-top:10px;margin-right:0px;margin-bottom:40px;margin-left:0px;\"><div class=\"title-sep-container title-sep-container-left\"><div class=\"title-sep sep-single sep-solid\" style=\"border-color:#edafbf;\"><\/div><\/div><span class=\"awb-title-spacer\"><\/span><h4 class=\"title-heading-center\" style=\"margin:0;text-transform:uppercase;color:#edafbf;\"><p style=\"margin: 0in; font-family: Calibri; font-size: 11.0pt;\">Produktvejledning<\/p><\/h4><span class=\"awb-title-spacer\"><\/span><div class=\"title-sep-container title-sep-container-right\"><div class=\"title-sep sep-single sep-solid\" style=\"border-color:#edafbf;\"><\/div><\/div><\/div><style type=\"text\/css\">@media only screen and (max-width:1024px) {.fusion-title.fusion-title-2{margin-top:0px!important; margin-right:0px!important;margin-bottom:30px!important;margin-left:0px!important;}}@media only screen and (max-width:640px) {.fusion-title.fusion-title-2{margin-top:10px!important; margin-right:0px!important;margin-bottom:10px!important; margin-left:0px!important;}}<\/style><div class=\"fusion-title title fusion-title-2 fusion-sep-none fusion-title-center fusion-title-text fusion-title-size-one\" style=\"margin-top:0px;margin-right:0px;margin-bottom:30px;margin-left:0px;\"><h1 class=\"title-heading-center\" style=\"margin:0;\">S\u00f8g vejledning:<\/h1><\/div><div class=\"fusion-builder-row fusion-builder-row-inner fusion-row fusion-flex-align-items-center fusion-flex-justify-content-center\" style=\"width:104% !important;max-width:104% !important;margin-left: calc(-4% \/ 2 );margin-right: calc(-4% \/ 2 );\"><div class=\"fusion-layout-column fusion_builder_column_inner fusion-builder-nested-column-0 fusion_builder_column_inner_1_1 1_1 fusion-flex-column\"><div class=\"fusion-column-wrapper fusion-flex-justify-content-flex-start fusion-content-layout-column\" style=\"background-position:left top;background-repeat:no-repeat;-webkit-background-size:cover;-moz-background-size:cover;-o-background-size:cover;background-size:cover;padding: 0px 0px 0px 0px;\"><style type=\"text\/css\">.fusion-search-element-1 .searchform .fusion-search-form-content .fusion-search-field input,.fusion-search-element-1 .searchform .fusion-search-form-content .fusion-search-button input[type=submit] {height: 30px;}.fusion-search-element-1 .searchform .fusion-search-form-content .fusion-search-button input[type=submit] {line-height: 30px;}.fusion-search-element-1.fusion-search-form-clean .searchform .fusion-search-form-content .fusion-search-field input {padding-left: 30px;}.fusion-search-element-1 .searchform .fusion-search-form-content .fusion-search-button input[type=submit] {width: 30px;}.fusion-search-element-1 .searchform .fusion-search-form-content .fusion-search-field input,.fusion-search-element-1 .searchform .fusion-search-form-content .fusion-search-field input::placeholder,.fusion-search-element-1.fusion-search-form-clean .searchform .fusion-search-form-content .fusion-search-button input[type=submit] {color: #9ea0a4;}.fusion-search-element-1 .searchform .fusion-search-form-content .fusion-search-field input:focus {border-color: #9ea0a4;}.fusion-search-element-1 .searchform .fusion-search-form-content .fusion-search-field input,.fusion-search-element-1.fusion-search-form-clean .searchform .fusion-search-form-content .fusion-search-button input[type=submit] {font-size: 16px;}.fusion-search-element-1 .searchform .fusion-search-form-content .fusion-search-field input {background-color: #f0f0f0;border-top-width:1px;border-right-width:1px;border-bottom-width:1px;border-left-width:1px;border-color: #9ea0a4;}.fusion-search-element-1 .searchform.fusion-search-form-classic .fusion-search-form-content, .fusion-search-form-classic .searchform:not(.fusion-search-form-clean) .fusion-search-form-content {border-radius: 6px;overflow: hidden;}.fusion-search-element-1 .fusion-search-form-content input.s {border-radius: 6px;}<\/style><div class=\"fusion-search-element fusion-search-element-1 custom-search-field fusion-search-form-clean\" style=\"margin-bottom:40px;\">\t\t<form role=\"search\" class=\"searchform fusion-search-form  fusion-live-search fusion-search-form-clean\" method=\"get\" action=\"https:\/\/nordvacc.se\/da\/\">\n\t\t\t<div class=\"fusion-search-form-content\">\n\n\t\t\t\t\n\t\t\t\t<div class=\"fusion-search-field search-field\">\n\t\t\t\t\t<label><span class=\"screen-reader-text\">Search for:<\/span>\n\t\t\t\t\t\t\t\t\t\t\t\t\t<input type=\"search\" class=\"s fusion-live-search-input\" name=\"s\" id=\"fusion-live-search-input-0\" autocomplete=\"off\" placeholder=\"Fri tekst; hest, kv\u00e6g, kv\u00e6rke, vaccine osv...\" required aria-required=\"true\" aria-label=\"Fri tekst; hest, kv\u00e6g, kv\u00e6rke, vaccine osv...\"\/>\n\t\t\t\t\t\t\t\t\t\t\t<\/label>\n\t\t\t\t<\/div>\n\t\t\t\t<div class=\"fusion-search-button search-button\">\n\t\t\t\t\t<input type=\"submit\" class=\"fusion-search-submit searchsubmit\" aria-label=\"Search\" value=\"&#xf002;\" \/>\n\t\t\t\t\t\t\t\t\t\t<div class=\"fusion-slider-loading\"><\/div>\n\t\t\t\t\t\t\t\t\t<\/div>\n\n\t\t\t\t<input type=\"hidden\" name=\"post_type[]\" value=\"any\" \/><input type=\"hidden\" name=\"search_limit_to_post_titles\" value=\"0\" \/><input type=\"hidden\" name=\"fs\" value=\"1\" \/>\n\t\t\t<\/div>\n\n\n\t\t\t\t\t\t\t<div class=\"fusion-search-results-wrapper\"><div class=\"fusion-search-results\"><\/div><\/div>\n\t\t\t\n\t\t<\/form>\n\t\t<\/div><\/div><style type=\"text\/css\">.fusion-body .fusion-builder-nested-column-0{width:100% !important;margin-top : 0px;margin-bottom : 20px;}.fusion-builder-nested-column-0 > .fusion-column-wrapper {padding-top : 0px !important;padding-right : 0px !important;margin-right : 1.92%;padding-bottom : 0px !important;padding-left : 0px !important;margin-left : 1.92%;}@media only screen and (max-width:1024px) {.fusion-body .fusion-builder-nested-column-0{width:100% !important;order : 0;}.fusion-builder-nested-column-0 > .fusion-column-wrapper {margin-right : 1.92%;margin-left : 1.92%;}}@media only screen and (max-width:640px) {.fusion-body .fusion-builder-nested-column-0{width:100% !important;order : 0;}.fusion-builder-nested-column-0 > .fusion-column-wrapper {margin-right : 1.92%;margin-left : 1.92%;}}<\/style><\/div><\/div><div class=\"fusion-builder-row fusion-builder-row-inner fusion-row fusion-flex-align-items-center fusion-flex-justify-content-center\" style=\"width:104% !important;max-width:104% !important;margin-left: calc(-4% \/ 2 );margin-right: calc(-4% \/ 2 );\"><div class=\"fusion-layout-column fusion_builder_column_inner fusion-builder-nested-column-1 fusion_builder_column_inner_1_1 1_1 fusion-flex-column\"><div class=\"fusion-column-wrapper fusion-flex-justify-content-flex-start fusion-content-layout-column\" style=\"background-position:left top;background-repeat:no-repeat;-webkit-background-size:cover;-moz-background-size:cover;-o-background-size:cover;background-size:cover;padding: 0px 0px 0px 0px;\"><div class=\"fusion-text fusion-text-1\"><p>Savner du svar eller \u00f8nsker vejledning? Ring eller send os en e-mail<\/p>\n<\/div><\/div><style type=\"text\/css\">.fusion-body .fusion-builder-nested-column-1{width:100% !important;margin-top : 0px;margin-bottom : 20px;}.fusion-builder-nested-column-1 > .fusion-column-wrapper {padding-top : 0px !important;padding-right : 0px !important;margin-right : 1.92%;padding-bottom : 0px !important;padding-left : 0px !important;margin-left : 1.92%;}@media only screen and (max-width:1024px) {.fusion-body .fusion-builder-nested-column-1{width:100% !important;order : 0;}.fusion-builder-nested-column-1 > .fusion-column-wrapper {margin-right : 1.92%;margin-left : 1.92%;}}@media only screen and (max-width:640px) {.fusion-body .fusion-builder-nested-column-1{width:100% !important;order : 0;}.fusion-builder-nested-column-1 > .fusion-column-wrapper {margin-right : 1.92%;margin-left : 1.92%;}}<\/style><\/div><\/div><style type=\"text\/css\">@media only screen and (max-width:1024px) {.fusion-title.fusion-title-3{margin-top:30px!important; margin-right:0px!important;margin-bottom:0px!important;margin-left:0px!important;}}@media only screen and (max-width:640px) {.fusion-title.fusion-title-3{margin-top:10px!important; margin-right:0px!important;margin-bottom:10px!important; margin-left:0px!important;}}<\/style><div class=\"fusion-title title fusion-title-3 fusion-sep-none fusion-title-center fusion-title-text fusion-title-size-one\" style=\"margin-top:30px;margin-right:0px;margin-bottom:0px;margin-left:0px;\"><h1 class=\"title-heading-center\" style=\"margin:0;\"><a href=\"mailto:vet@nordvacc.dk\">vet@nordvacc.dk<\/a><\/h1><\/div><style type=\"text\/css\">@media only screen and (max-width:1024px) {.fusion-title.fusion-title-4{margin-top:30px!important; margin-right:0px!important;margin-bottom:0px!important;margin-left:0px!important;}}@media only screen and (max-width:640px) {.fusion-title.fusion-title-4{margin-top:10px!important; margin-right:0px!important;margin-bottom:10px!important; margin-left:0px!important;}}<\/style><div class=\"fusion-title title fusion-title-4 fusion-sep-none fusion-title-center fusion-title-text fusion-title-size-one\" style=\"margin-top:30px;margin-right:0px;margin-bottom:0px;margin-left:0px;\"><h1 class=\"title-heading-center\" style=\"margin:0;\"><a href=\"tel:+4551776618\">51 77 66 18<\/a><\/h1><\/div><div style=\"text-align:center;\"><style>.fusion-imageframe.imageframe-1{ margin-top : 0px;margin-bottom : 10px;}<\/style><span class=\" fusion-imageframe imageframe-none imageframe-1 hover-type-none fusion-animated\" data-animationType=\"shake\" data-animationDuration=\"0.3\" data-animationOffset=\"top-into-view\"><img decoding=\"async\" width=\"557\" height=\"212\" title=\"phone\" src=\"https:\/\/nordvacc.se\/wp-content\/uploads\/2022\/02\/phone-1.svg\" alt class=\"img-responsive wp-image-4518\"\/><\/span><\/div><div class=\"fusion-builder-row fusion-builder-row-inner fusion-row fusion-flex-align-items-center fusion-flex-justify-content-center\" style=\"width:104% !important;max-width:104% !important;margin-left: calc(-4% \/ 2 );margin-right: calc(-4% \/ 2 );\"><div class=\"fusion-layout-column fusion_builder_column_inner fusion-builder-nested-column-2 fusion_builder_column_inner_1_1 1_1 fusion-flex-column\"><div class=\"fusion-column-wrapper fusion-flex-justify-content-flex-start fusion-content-layout-column\" style=\"background-position:left top;background-repeat:no-repeat;-webkit-background-size:cover;-moz-background-size:cover;-o-background-size:cover;background-size:cover;padding: 0px 0px 0px 0px;\"><style type=\"text\/css\">@media only screen and (max-width:1024px) {.fusion-title.fusion-title-5{margin-top:10px!important; margin-right:0px!important;margin-bottom:15px!important;margin-left:0px!important;}}@media only screen and (max-width:640px) {.fusion-title.fusion-title-5{margin-top:10px!important; margin-right:0px!important;margin-bottom:10px!important; margin-left:0px!important;}}<\/style><div class=\"fusion-title title fusion-title-5 fusion-sep-none fusion-title-text fusion-title-size-three\" style=\"margin-top:10px;margin-right:0px;margin-bottom:15px;margin-left:0px;\"><h3 class=\"title-heading-left\" style=\"margin:0;text-transform:uppercase;\">Sammen for dyrehelse<\/h3><\/div><div class=\"fusion-text fusion-text-2\"><p>Gode resultater er af h\u00f8jeste fokus i arbejdet med dyrenes helse, noget som blandt andet opn\u00e5s igennem samarbejde. Vi som l\u00e6gemiddelfirma h\u00e5ber naturligvis p\u00e5 din feedback p\u00e5 vores produkter og tjenester- sammen kan vi n\u00e5 langt!<\/p>\n<\/div><div class=\"fusion-text fusion-text-3\" style=\"font-family:&quot;LibreBaskerville-ItalicN&quot;;font-weight:400;\"><p>Vi ser frem til at du kontakter os og vi kan bidrage med svar, og st\u00f8tte i dit vigtige arbejde med dyrehelse!<\/p>\n<\/div><\/div><style type=\"text\/css\">.fusion-body .fusion-builder-nested-column-2{width:100% !important;margin-top : 0px;margin-bottom : 20px;}.fusion-builder-nested-column-2 > .fusion-column-wrapper {padding-top : 0px !important;padding-right : 0px !important;margin-right : 1.92%;padding-bottom : 0px !important;padding-left : 0px !important;margin-left : 1.92%;}@media only screen and (max-width:1024px) {.fusion-body .fusion-builder-nested-column-2{width:100% !important;order : 0;}.fusion-builder-nested-column-2 > .fusion-column-wrapper {margin-right : 1.92%;margin-left : 1.92%;}}@media only screen and (max-width:640px) {.fusion-body .fusion-builder-nested-column-2{width:100% !important;order : 0;}.fusion-builder-nested-column-2 > .fusion-column-wrapper {margin-right : 1.92%;margin-left : 1.92%;}}<\/style><\/div><\/div><\/div><style type=\"text\/css\">.fusion-body .fusion-builder-column-0{width:60% !important;margin-top : 12px;margin-bottom : 0px;}.fusion-builder-column-0 > .fusion-column-wrapper {padding-top : 0px !important;padding-right : 0px !important;margin-right : 3.2%;padding-bottom : 0px !important;padding-left : 0px !important;margin-left : 3.2%;}@media only screen and (max-width:1024px) {.fusion-body .fusion-builder-column-0{width:60% !important;order : 0;}.fusion-builder-column-0 > .fusion-column-wrapper {margin-right : 3.2%;margin-left : 3.2%;}}@media only screen and (max-width:640px) {.fusion-body .fusion-builder-column-0{width:100% !important;order : 0;margin-top : 10px;}.fusion-builder-column-0 > .fusion-column-wrapper {margin-right : 32px;margin-left : 32px;}}<\/style><\/div><\/div><style type=\"text\/css\">.fusion-body .fusion-flex-container.fusion-builder-row-1{ padding-top : 0px;margin-top : 20px;padding-right : 0px;padding-bottom : 0px;margin-bottom : 25px;padding-left : 0px;}@media only screen and (max-width:640px) {.fusion-body .fusion-flex-container.fusion-builder-row-1{ margin-bottom : 40px;}}<\/style><\/div>\n","protected":false},"excerpt":{"rendered":"","protected":false},"author":2,"featured_media":0,"parent":0,"menu_order":0,"comment_status":"closed","ping_status":"closed","template":"100-width.php","meta":{"content-type":"","inline_featured_image":false,"footnotes":""},"categories":[],"tags":[],"class_list":["post-4602","page","type-page","status-publish","hentry"],"yoast_head":"<!-- This site is optimized with the Yoast SEO plugin v18.3 - https:\/\/yoast.com\/wordpress\/plugins\/seo\/ -->\n<title>Produktvejledning - Nordvacc<\/title>\n<meta name=\"robots\" content=\"index, follow, max-snippet:-1, max-image-preview:large, max-video-preview:-1\" \/>\n<link rel=\"canonical\" href=\"https:\/\/nordvacc.se\/da\/produktvejledning\/\" \/>\n<meta property=\"og:locale\" content=\"da_DK\" \/>\n<meta property=\"og:type\" content=\"article\" \/>\n<meta property=\"og:title\" content=\"Produktvejledning - Nordvacc\" \/>\n<meta property=\"og:url\" content=\"https:\/\/nordvacc.se\/da\/produktvejledning\/\" \/>\n<meta property=\"og:site_name\" content=\"Nordvacc\" \/>\n<meta property=\"article:modified_time\" content=\"2022-05-30T16:22:12+00:00\" \/>\n<meta name=\"twitter:card\" content=\"summary_large_image\" \/>\n<meta name=\"twitter:label1\" content=\"Estimeret l\u00e6setid\" \/>\n\t<meta name=\"twitter:data1\" content=\"9 minutter\" \/>\n<script type=\"application\/ld+json\" class=\"yoast-schema-graph\">{\"@context\":\"https:\/\/schema.org\",\"@graph\":[{\"@type\":\"WebSite\",\"@id\":\"https:\/\/nordvacc.se\/#website\",\"url\":\"https:\/\/nordvacc.se\/\",\"name\":\"Nordvacc\",\"description\":\"\",\"potentialAction\":[{\"@type\":\"SearchAction\",\"target\":{\"@type\":\"EntryPoint\",\"urlTemplate\":\"https:\/\/nordvacc.se\/?s={search_term_string}\"},\"query-input\":\"required name=search_term_string\"}],\"inLanguage\":\"da-DK\"},{\"@type\":\"WebPage\",\"@id\":\"https:\/\/nordvacc.se\/da\/produktvejledning\/#webpage\",\"url\":\"https:\/\/nordvacc.se\/da\/produktvejledning\/\",\"name\":\"Produktvejledning - Nordvacc\",\"isPartOf\":{\"@id\":\"https:\/\/nordvacc.se\/#website\"},\"datePublished\":\"2022-05-28T14:45:14+00:00\",\"dateModified\":\"2022-05-30T16:22:12+00:00\",\"breadcrumb\":{\"@id\":\"https:\/\/nordvacc.se\/da\/produktvejledning\/#breadcrumb\"},\"inLanguage\":\"da-DK\",\"potentialAction\":[{\"@type\":\"ReadAction\",\"target\":[\"https:\/\/nordvacc.se\/da\/produktvejledning\/\"]}]},{\"@type\":\"BreadcrumbList\",\"@id\":\"https:\/\/nordvacc.se\/da\/produktvejledning\/#breadcrumb\",\"itemListElement\":[{\"@type\":\"ListItem\",\"position\":1,\"name\":\"Hem\",\"item\":\"https:\/\/nordvacc.se\/da\/\"},{\"@type\":\"ListItem\",\"position\":2,\"name\":\"Produktvejledning\"}]}]}<\/script>\n<!-- \/ Yoast SEO plugin. -->","yoast_head_json":{"title":"Produktvejledning - Nordvacc","robots":{"index":"index","follow":"follow","max-snippet":"max-snippet:-1","max-image-preview":"max-image-preview:large","max-video-preview":"max-video-preview:-1"},"canonical":"https:\/\/nordvacc.se\/da\/produktvejledning\/","og_locale":"da_DK","og_type":"article","og_title":"Produktvejledning - Nordvacc","og_url":"https:\/\/nordvacc.se\/da\/produktvejledning\/","og_site_name":"Nordvacc","article_modified_time":"2022-05-30T16:22:12+00:00","twitter_card":"summary_large_image","twitter_misc":{"Estimeret l\u00e6setid":"9 minutter"},"schema":{"@context":"https:\/\/schema.org","@graph":[{"@type":"WebSite","@id":"https:\/\/nordvacc.se\/#website","url":"https:\/\/nordvacc.se\/","name":"Nordvacc","description":"","potentialAction":[{"@type":"SearchAction","target":{"@type":"EntryPoint","urlTemplate":"https:\/\/nordvacc.se\/?s={search_term_string}"},"query-input":"required name=search_term_string"}],"inLanguage":"da-DK"},{"@type":"WebPage","@id":"https:\/\/nordvacc.se\/da\/produktvejledning\/#webpage","url":"https:\/\/nordvacc.se\/da\/produktvejledning\/","name":"Produktvejledning - Nordvacc","isPartOf":{"@id":"https:\/\/nordvacc.se\/#website"},"datePublished":"2022-05-28T14:45:14+00:00","dateModified":"2022-05-30T16:22:12+00:00","breadcrumb":{"@id":"https:\/\/nordvacc.se\/da\/produktvejledning\/#breadcrumb"},"inLanguage":"da-DK","potentialAction":[{"@type":"ReadAction","target":["https:\/\/nordvacc.se\/da\/produktvejledning\/"]}]},{"@type":"BreadcrumbList","@id":"https:\/\/nordvacc.se\/da\/produktvejledning\/#breadcrumb","itemListElement":[{"@type":"ListItem","position":1,"name":"Hem","item":"https:\/\/nordvacc.se\/da\/"},{"@type":"ListItem","position":2,"name":"Produktvejledning"}]}]}},"acf":[],"_links":{"self":[{"href":"https:\/\/nordvacc.se\/da\/wp-json\/wp\/v2\/pages\/4602","targetHints":{"allow":["GET"]}}],"collection":[{"href":"https:\/\/nordvacc.se\/da\/wp-json\/wp\/v2\/pages"}],"about":[{"href":"https:\/\/nordvacc.se\/da\/wp-json\/wp\/v2\/types\/page"}],"author":[{"embeddable":true,"href":"https:\/\/nordvacc.se\/da\/wp-json\/wp\/v2\/users\/2"}],"replies":[{"embeddable":true,"href":"https:\/\/nordvacc.se\/da\/wp-json\/wp\/v2\/comments?post=4602"}],"version-history":[{"count":7,"href":"https:\/\/nordvacc.se\/da\/wp-json\/wp\/v2\/pages\/4602\/revisions"}],"predecessor-version":[{"id":4694,"href":"https:\/\/nordvacc.se\/da\/wp-json\/wp\/v2\/pages\/4602\/revisions\/4694"}],"wp:attachment":[{"href":"https:\/\/nordvacc.se\/da\/wp-json\/wp\/v2\/media?parent=4602"}],"wp:term":[{"taxonomy":"category","embeddable":true,"href":"https:\/\/nordvacc.se\/da\/wp-json\/wp\/v2\/categories?post=4602"},{"taxonomy":"post_tag","embeddable":true,"href":"https:\/\/nordvacc.se\/da\/wp-json\/wp\/v2\/tags?post=4602"}],"curies":[{"name":"wp","href":"https:\/\/api.w.org\/{rel}","templated":true}]}}